{"id":2889,"date":"2025-08-01T11:35:35","date_gmt":"2025-08-01T02:35:35","guid":{"rendered":"https:\/\/sun-vision.work\/recruit\/?page_id=2889"},"modified":"2025-10-02T12:07:15","modified_gmt":"2025-10-02T03:07:15","slug":"vi","status":"publish","type":"page","link":"https:\/\/sun-vision.or.jp\/recruit\/vi\/","title":{"rendered":"\u591a\u8a00\u8a9e-\u30d9\u30c8\u30ca\u30e0\u8a9e"},"content":{"rendered":"","protected":false},"excerpt":{"rendered":"","protected":false},"author":1,"featured_media":0,"parent":0,"menu_order":0,"comment_status":"closed","ping_status":"closed","template":"page-lp.php","meta":{"_acf_changed":false,"inline_featured_image":false,"footnotes":""},"class_list":["post-2889","page","type-page","status-publish","hentry"],"acf":[],"yoast_head":"<!-- This site is optimized with the Yoast SEO plugin v27.4 - https:\/\/yoast.com\/product\/yoast-seo-wordpress\/ -->\n<title>Trang tuy\u1ec3n d\u1ee5ng T\u1eadp \u0111o\u00e0n Ph\u00fac l\u1ee3i X\u00e3 h\u1ed9i Sun Vision<\/title>\n<meta name=\"description\" content=\"\u0110\u00e2y l\u00e0 trang tuy\u1ec3n d\u1ee5ng c\u1ee7a T\u1eadp \u0111o\u00e0n Ph\u00fac l\u1ee3i X\u00e3 h\u1ed9i Sun Vision.Hi\u1ec7n t\u1eadp \u0111o\u00e0n \u0111ang v\u1eadn h\u00e0nh 38 c\u01a1 s\u1edf v\u00e0 151 \u0111\u1ecba \u0111i\u1ec3m kinh doanh t\u1ea1i khu v\u1ef1c trung t\u00e2m Nh\u1eadt B\u1ea3n g\u1ed3m c\u00e1c t\u1ec9nh Aichi, Gifu v\u00e0 Nagano, l\u00e0 \u0111\u01a1n v\u1ecb s\u1ed1 1 trong l\u0129nh v\u1ef1c ch\u0103m s\u00f3c ng\u01b0\u1eddi cao tu\u1ed5i t\u1ea1i khu v\u1ef1c Tokai.Trang n\u00e0y \u0111\u0103ng t\u1ea3i th\u00f4ng tin tuy\u1ec3n d\u1ee5ng h\u01b0\u1edbng \u0111\u1ebfn ng\u01b0\u1eddi n\u01b0\u1edbc ngo\u00e0i.\" \/>\n<meta name=\"robots\" content=\"index, follow, max-snippet:-1, max-image-preview:large, max-video-preview:-1\" \/>\n<link rel=\"canonical\" href=\"https:\/\/sun-vision.or.jp\/recruit\/vi\/\" \/>\n<meta property=\"og:locale\" content=\"ja_JP\" \/>\n<meta property=\"og:type\" content=\"article\" \/>\n<meta property=\"og:title\" content=\"Trang tuy\u1ec3n d\u1ee5ng T\u1eadp \u0111o\u00e0n Ph\u00fac l\u1ee3i X\u00e3 h\u1ed9i Sun Vision\" \/>\n<meta property=\"og:description\" content=\"\u0110\u00e2y l\u00e0 trang tuy\u1ec3n d\u1ee5ng c\u1ee7a T\u1eadp \u0111o\u00e0n Ph\u00fac l\u1ee3i X\u00e3 h\u1ed9i Sun Vision.Hi\u1ec7n t\u1eadp \u0111o\u00e0n \u0111ang v\u1eadn h\u00e0nh 38 c\u01a1 s\u1edf v\u00e0 151 \u0111\u1ecba \u0111i\u1ec3m kinh doanh t\u1ea1i khu v\u1ef1c trung t\u00e2m Nh\u1eadt B\u1ea3n g\u1ed3m c\u00e1c t\u1ec9nh Aichi, Gifu v\u00e0 Nagano, l\u00e0 \u0111\u01a1n v\u1ecb s\u1ed1 1 trong l\u0129nh v\u1ef1c ch\u0103m s\u00f3c ng\u01b0\u1eddi cao tu\u1ed5i t\u1ea1i khu v\u1ef1c Tokai.Trang n\u00e0y \u0111\u0103ng t\u1ea3i th\u00f4ng tin tuy\u1ec3n d\u1ee5ng h\u01b0\u1edbng \u0111\u1ebfn ng\u01b0\u1eddi n\u01b0\u1edbc ngo\u00e0i.\" \/>\n<meta property=\"og:url\" content=\"https:\/\/sun-vision.or.jp\/recruit\/vi\/\" \/>\n<meta property=\"og:site_name\" content=\"\u793e\u4f1a\u798f\u7949\u6cd5\u4eba\u30b5\u30f3\u30fb\u30d3\u30b8\u30e7\u30f3 \u63a1\u7528\u30b5\u30a4\u30c8\" \/>\n<meta property=\"article:publisher\" content=\"https:\/\/www.facebook.com\/sunlife.sunvision\" \/>\n<meta property=\"article:modified_time\" content=\"2025-10-02T03:07:15+00:00\" \/>\n<meta property=\"og:image\" content=\"https:\/\/sun-vision.or.jp\/recruit\/wp-content\/uploads\/2025\/11\/OGP-ja.png\" \/>\n\t<meta property=\"og:image:width\" content=\"1200\" \/>\n\t<meta property=\"og:image:height\" content=\"630\" \/>\n\t<meta property=\"og:image:type\" content=\"image\/png\" \/>\n<meta name=\"twitter:card\" content=\"summary_large_image\" \/>\n<meta name=\"twitter:site\" content=\"@sun_sunvision\" \/>\n<script type=\"application\/ld+json\" class=\"yoast-schema-graph\">{\"@context\":\"https:\\\/\\\/schema.org\",\"@graph\":[{\"@type\":\"WebPage\",\"@id\":\"https:\\\/\\\/sun-vision.or.jp\\\/recruit\\\/vi\\\/\",\"url\":\"https:\\\/\\\/sun-vision.or.jp\\\/recruit\\\/vi\\\/\",\"name\":\"Trang tuy\u1ec3n d\u1ee5ng T\u1eadp \u0111o\u00e0n Ph\u00fac l\u1ee3i X\u00e3 h\u1ed9i Sun Vision\",\"isPartOf\":{\"@id\":\"https:\\\/\\\/sun-vision.or.jp\\\/recruit\\\/#website\"},\"datePublished\":\"2025-08-01T02:35:35+00:00\",\"dateModified\":\"2025-10-02T03:07:15+00:00\",\"description\":\"\u0110\u00e2y l\u00e0 trang tuy\u1ec3n d\u1ee5ng c\u1ee7a T\u1eadp \u0111o\u00e0n Ph\u00fac l\u1ee3i X\u00e3 h\u1ed9i Sun Vision.Hi\u1ec7n t\u1eadp \u0111o\u00e0n \u0111ang v\u1eadn h\u00e0nh 38 c\u01a1 s\u1edf v\u00e0 151 \u0111\u1ecba \u0111i\u1ec3m kinh doanh t\u1ea1i khu v\u1ef1c trung t\u00e2m Nh\u1eadt B\u1ea3n g\u1ed3m c\u00e1c t\u1ec9nh Aichi, Gifu v\u00e0 Nagano, l\u00e0 \u0111\u01a1n v\u1ecb s\u1ed1 1 trong l\u0129nh v\u1ef1c ch\u0103m s\u00f3c ng\u01b0\u1eddi cao tu\u1ed5i t\u1ea1i khu v\u1ef1c Tokai.Trang n\u00e0y \u0111\u0103ng t\u1ea3i th\u00f4ng tin tuy\u1ec3n d\u1ee5ng h\u01b0\u1edbng \u0111\u1ebfn ng\u01b0\u1eddi n\u01b0\u1edbc ngo\u00e0i.\",\"breadcrumb\":{\"@id\":\"https:\\\/\\\/sun-vision.or.jp\\\/recruit\\\/vi\\\/#breadcrumb\"},\"inLanguage\":\"ja\",\"potentialAction\":[{\"@type\":\"ReadAction\",\"target\":[\"https:\\\/\\\/sun-vision.or.jp\\\/recruit\\\/vi\\\/\"]}]},{\"@type\":\"BreadcrumbList\",\"@id\":\"https:\\\/\\\/sun-vision.or.jp\\\/recruit\\\/vi\\\/#breadcrumb\",\"itemListElement\":[{\"@type\":\"ListItem\",\"position\":1,\"name\":\"\u30db\u30fc\u30e0\",\"item\":\"https:\\\/\\\/sun-vision.or.jp\\\/recruit\\\/\"},{\"@type\":\"ListItem\",\"position\":2,\"name\":\"\u591a\u8a00\u8a9e-\u30d9\u30c8\u30ca\u30e0\u8a9e\"}]},{\"@type\":\"WebSite\",\"@id\":\"https:\\\/\\\/sun-vision.or.jp\\\/recruit\\\/#website\",\"url\":\"https:\\\/\\\/sun-vision.or.jp\\\/recruit\\\/\",\"name\":\"\u793e\u4f1a\u798f\u7949\u6cd5\u4eba\u30b5\u30f3\u30fb\u30d3\u30b8\u30e7\u30f3 \u63a1\u7528\u30b5\u30a4\u30c8\",\"description\":\"\u5c11\u5b50\u9ad8\u9f62\u793e\u4f1a\u3092\u30c8\u30fc\u30bf\u30eb\u30b5\u30dd\u30fc\u30c8\u3059\u308b \u793e\u4f1a\u798f\u7949\u6cd5\u4eba\u30b5\u30f3\u30fb\u30d3\u30b8\u30e7\u30f3\",\"publisher\":{\"@id\":\"https:\\\/\\\/sun-vision.or.jp\\\/recruit\\\/#organization\"},\"alternateName\":\"\u793e\u4f1a\u798f\u7949\u6cd5\u4eba\u30b5\u30f3\u30fb\u30d3\u30b8\u30e7\u30f3 \u63a1\u7528\u30b5\u30a4\u30c8\",\"potentialAction\":[{\"@type\":\"SearchAction\",\"target\":{\"@type\":\"EntryPoint\",\"urlTemplate\":\"https:\\\/\\\/sun-vision.or.jp\\\/recruit\\\/?s={search_term_string}\"},\"query-input\":{\"@type\":\"PropertyValueSpecification\",\"valueRequired\":true,\"valueName\":\"search_term_string\"}}],\"inLanguage\":\"ja\"},{\"@type\":\"Organization\",\"@id\":\"https:\\\/\\\/sun-vision.or.jp\\\/recruit\\\/#organization\",\"name\":\"\u793e\u4f1a\u798f\u7949\u6cd5\u4eba\u30b5\u30f3\u30fb\u30d3\u30b8\u30e7\u30f3\",\"url\":\"https:\\\/\\\/sun-vision.or.jp\\\/recruit\\\/\",\"logo\":{\"@type\":\"ImageObject\",\"inLanguage\":\"ja\",\"@id\":\"https:\\\/\\\/sun-vision.or.jp\\\/recruit\\\/#\\\/schema\\\/logo\\\/image\\\/\",\"url\":\"https:\\\/\\\/sun-vision.or.jp\\\/recruit\\\/wp-content\\\/uploads\\\/2025\\\/11\\\/logo.svg\",\"contentUrl\":\"https:\\\/\\\/sun-vision.or.jp\\\/recruit\\\/wp-content\\\/uploads\\\/2025\\\/11\\\/logo.svg\",\"width\":\"1024\",\"height\":\"1024\",\"caption\":\"\u793e\u4f1a\u798f\u7949\u6cd5\u4eba\u30b5\u30f3\u30fb\u30d3\u30b8\u30e7\u30f3\"},\"image\":{\"@id\":\"https:\\\/\\\/sun-vision.or.jp\\\/recruit\\\/#\\\/schema\\\/logo\\\/image\\\/\"},\"sameAs\":[\"https:\\\/\\\/www.facebook.com\\\/sunlife.sunvision\",\"https:\\\/\\\/x.com\\\/sun_sunvision\"]}]}<\/script>\n<!-- \/ Yoast SEO plugin. -->","yoast_head_json":{"title":"Trang tuy\u1ec3n d\u1ee5ng T\u1eadp \u0111o\u00e0n Ph\u00fac l\u1ee3i X\u00e3 h\u1ed9i Sun Vision","description":"\u0110\u00e2y l\u00e0 trang tuy\u1ec3n d\u1ee5ng c\u1ee7a T\u1eadp \u0111o\u00e0n Ph\u00fac l\u1ee3i X\u00e3 h\u1ed9i Sun Vision.Hi\u1ec7n t\u1eadp \u0111o\u00e0n \u0111ang v\u1eadn h\u00e0nh 38 c\u01a1 s\u1edf v\u00e0 151 \u0111\u1ecba \u0111i\u1ec3m kinh doanh t\u1ea1i khu v\u1ef1c trung t\u00e2m Nh\u1eadt B\u1ea3n g\u1ed3m c\u00e1c t\u1ec9nh Aichi, Gifu v\u00e0 Nagano, l\u00e0 \u0111\u01a1n v\u1ecb s\u1ed1 1 trong l\u0129nh v\u1ef1c ch\u0103m s\u00f3c ng\u01b0\u1eddi cao tu\u1ed5i t\u1ea1i khu v\u1ef1c Tokai.Trang n\u00e0y \u0111\u0103ng t\u1ea3i th\u00f4ng tin tuy\u1ec3n d\u1ee5ng h\u01b0\u1edbng \u0111\u1ebfn ng\u01b0\u1eddi n\u01b0\u1edbc ngo\u00e0i.","robots":{"index":"index","follow":"follow","max-snippet":"max-snippet:-1","max-image-preview":"max-image-preview:large","max-video-preview":"max-video-preview:-1"},"canonical":"https:\/\/sun-vision.or.jp\/recruit\/vi\/","og_locale":"ja_JP","og_type":"article","og_title":"Trang tuy\u1ec3n d\u1ee5ng T\u1eadp \u0111o\u00e0n Ph\u00fac l\u1ee3i X\u00e3 h\u1ed9i Sun Vision","og_description":"\u0110\u00e2y l\u00e0 trang tuy\u1ec3n d\u1ee5ng c\u1ee7a T\u1eadp \u0111o\u00e0n Ph\u00fac l\u1ee3i X\u00e3 h\u1ed9i Sun Vision.Hi\u1ec7n t\u1eadp \u0111o\u00e0n \u0111ang v\u1eadn h\u00e0nh 38 c\u01a1 s\u1edf v\u00e0 151 \u0111\u1ecba \u0111i\u1ec3m kinh doanh t\u1ea1i khu v\u1ef1c trung t\u00e2m Nh\u1eadt B\u1ea3n g\u1ed3m c\u00e1c t\u1ec9nh Aichi, Gifu v\u00e0 Nagano, l\u00e0 \u0111\u01a1n v\u1ecb s\u1ed1 1 trong l\u0129nh v\u1ef1c ch\u0103m s\u00f3c ng\u01b0\u1eddi cao tu\u1ed5i t\u1ea1i khu v\u1ef1c Tokai.Trang n\u00e0y \u0111\u0103ng t\u1ea3i th\u00f4ng tin tuy\u1ec3n d\u1ee5ng h\u01b0\u1edbng \u0111\u1ebfn ng\u01b0\u1eddi n\u01b0\u1edbc ngo\u00e0i.","og_url":"https:\/\/sun-vision.or.jp\/recruit\/vi\/","og_site_name":"\u793e\u4f1a\u798f\u7949\u6cd5\u4eba\u30b5\u30f3\u30fb\u30d3\u30b8\u30e7\u30f3 \u63a1\u7528\u30b5\u30a4\u30c8","article_publisher":"https:\/\/www.facebook.com\/sunlife.sunvision","article_modified_time":"2025-10-02T03:07:15+00:00","og_image":[{"width":1200,"height":630,"url":"https:\/\/sun-vision.or.jp\/recruit\/wp-content\/uploads\/2025\/11\/OGP-ja.png","type":"image\/png"}],"twitter_card":"summary_large_image","twitter_site":"@sun_sunvision","schema":{"@context":"https:\/\/schema.org","@graph":[{"@type":"WebPage","@id":"https:\/\/sun-vision.or.jp\/recruit\/vi\/","url":"https:\/\/sun-vision.or.jp\/recruit\/vi\/","name":"Trang tuy\u1ec3n d\u1ee5ng T\u1eadp \u0111o\u00e0n Ph\u00fac l\u1ee3i X\u00e3 h\u1ed9i Sun Vision","isPartOf":{"@id":"https:\/\/sun-vision.or.jp\/recruit\/#website"},"datePublished":"2025-08-01T02:35:35+00:00","dateModified":"2025-10-02T03:07:15+00:00","description":"\u0110\u00e2y l\u00e0 trang tuy\u1ec3n d\u1ee5ng c\u1ee7a T\u1eadp \u0111o\u00e0n Ph\u00fac l\u1ee3i X\u00e3 h\u1ed9i Sun Vision.Hi\u1ec7n t\u1eadp \u0111o\u00e0n \u0111ang v\u1eadn h\u00e0nh 38 c\u01a1 s\u1edf v\u00e0 151 \u0111\u1ecba \u0111i\u1ec3m kinh doanh t\u1ea1i khu v\u1ef1c trung t\u00e2m Nh\u1eadt B\u1ea3n g\u1ed3m c\u00e1c t\u1ec9nh Aichi, Gifu v\u00e0 Nagano, l\u00e0 \u0111\u01a1n v\u1ecb s\u1ed1 1 trong l\u0129nh v\u1ef1c ch\u0103m s\u00f3c ng\u01b0\u1eddi cao tu\u1ed5i t\u1ea1i khu v\u1ef1c Tokai.Trang n\u00e0y \u0111\u0103ng t\u1ea3i th\u00f4ng tin tuy\u1ec3n d\u1ee5ng h\u01b0\u1edbng \u0111\u1ebfn ng\u01b0\u1eddi n\u01b0\u1edbc ngo\u00e0i.","breadcrumb":{"@id":"https:\/\/sun-vision.or.jp\/recruit\/vi\/#breadcrumb"},"inLanguage":"ja","potentialAction":[{"@type":"ReadAction","target":["https:\/\/sun-vision.or.jp\/recruit\/vi\/"]}]},{"@type":"BreadcrumbList","@id":"https:\/\/sun-vision.or.jp\/recruit\/vi\/#breadcrumb","itemListElement":[{"@type":"ListItem","position":1,"name":"\u30db\u30fc\u30e0","item":"https:\/\/sun-vision.or.jp\/recruit\/"},{"@type":"ListItem","position":2,"name":"\u591a\u8a00\u8a9e-\u30d9\u30c8\u30ca\u30e0\u8a9e"}]},{"@type":"WebSite","@id":"https:\/\/sun-vision.or.jp\/recruit\/#website","url":"https:\/\/sun-vision.or.jp\/recruit\/","name":"\u793e\u4f1a\u798f\u7949\u6cd5\u4eba\u30b5\u30f3\u30fb\u30d3\u30b8\u30e7\u30f3 \u63a1\u7528\u30b5\u30a4\u30c8","description":"\u5c11\u5b50\u9ad8\u9f62\u793e\u4f1a\u3092\u30c8\u30fc\u30bf\u30eb\u30b5\u30dd\u30fc\u30c8\u3059\u308b \u793e\u4f1a\u798f\u7949\u6cd5\u4eba\u30b5\u30f3\u30fb\u30d3\u30b8\u30e7\u30f3","publisher":{"@id":"https:\/\/sun-vision.or.jp\/recruit\/#organization"},"alternateName":"\u793e\u4f1a\u798f\u7949\u6cd5\u4eba\u30b5\u30f3\u30fb\u30d3\u30b8\u30e7\u30f3 \u63a1\u7528\u30b5\u30a4\u30c8","potentialAction":[{"@type":"SearchAction","target":{"@type":"EntryPoint","urlTemplate":"https:\/\/sun-vision.or.jp\/recruit\/?s={search_term_string}"},"query-input":{"@type":"PropertyValueSpecification","valueRequired":true,"valueName":"search_term_string"}}],"inLanguage":"ja"},{"@type":"Organization","@id":"https:\/\/sun-vision.or.jp\/recruit\/#organization","name":"\u793e\u4f1a\u798f\u7949\u6cd5\u4eba\u30b5\u30f3\u30fb\u30d3\u30b8\u30e7\u30f3","url":"https:\/\/sun-vision.or.jp\/recruit\/","logo":{"@type":"ImageObject","inLanguage":"ja","@id":"https:\/\/sun-vision.or.jp\/recruit\/#\/schema\/logo\/image\/","url":"https:\/\/sun-vision.or.jp\/recruit\/wp-content\/uploads\/2025\/11\/logo.svg","contentUrl":"https:\/\/sun-vision.or.jp\/recruit\/wp-content\/uploads\/2025\/11\/logo.svg","width":"1024","height":"1024","caption":"\u793e\u4f1a\u798f\u7949\u6cd5\u4eba\u30b5\u30f3\u30fb\u30d3\u30b8\u30e7\u30f3"},"image":{"@id":"https:\/\/sun-vision.or.jp\/recruit\/#\/schema\/logo\/image\/"},"sameAs":["https:\/\/www.facebook.com\/sunlife.sunvision","https:\/\/x.com\/sun_sunvision"]}]}},"publishpress_future_action":{"enabled":false,"date":"2026-04-30 01:59:31","action":"change-status","newStatus":"draft","terms":[],"taxonomy":"","extraData":[]},"publishpress_future_workflow_manual_trigger":{"enabledWorkflows":[]},"_links":{"self":[{"href":"https:\/\/sun-vision.or.jp\/recruit\/wp-json\/wp\/v2\/pages\/2889","targetHints":{"allow":["GET"]}}],"collection":[{"href":"https:\/\/sun-vision.or.jp\/recruit\/wp-json\/wp\/v2\/pages"}],"about":[{"href":"https:\/\/sun-vision.or.jp\/recruit\/wp-json\/wp\/v2\/types\/page"}],"author":[{"embeddable":true,"href":"https:\/\/sun-vision.or.jp\/recruit\/wp-json\/wp\/v2\/users\/1"}],"replies":[{"embeddable":true,"href":"https:\/\/sun-vision.or.jp\/recruit\/wp-json\/wp\/v2\/comments?post=2889"}],"version-history":[{"count":1,"href":"https:\/\/sun-vision.or.jp\/recruit\/wp-json\/wp\/v2\/pages\/2889\/revisions"}],"predecessor-version":[{"id":2890,"href":"https:\/\/sun-vision.or.jp\/recruit\/wp-json\/wp\/v2\/pages\/2889\/revisions\/2890"}],"wp:attachment":[{"href":"https:\/\/sun-vision.or.jp\/recruit\/wp-json\/wp\/v2\/media?parent=2889"}],"curies":[{"name":"wp","href":"https:\/\/api.w.org\/{rel}","templated":true}]}}